{"id":76,"date":"2025-12-01T22:06:03","date_gmt":"2025-12-01T22:06:03","guid":{"rendered":"https:\/\/laaguadaelbolson.com\/contact\/"},"modified":"2026-02-21T01:40:57","modified_gmt":"2026-02-21T01:40:57","slug":"contacto","status":"publish","type":"page","link":"https:\/\/laaguadaelbolson.com\/en\/contacto\/","title":{"rendered":"Contact"},"content":{"rendered":"\n<div class=\"wp-block-uagb-container uagb-block-d41007b3 alignfull uagb-is-root-container\"><div class=\"uagb-container-inner-blocks-wrap\">\n<div class=\"wp-block-uagb-advanced-heading uagb-block-0b7dc4ce\"><h1 class=\"uagb-heading-text\">Contacto<\/h1><div class=\"uagb-separator\"><\/div><p class=\"uagb-desc-text\">Brindamos una atenci\u00f3n profesional, personalizada y cercana, cuidando cada detalle de la experiencia.<\/p><\/div>\n<\/div><\/div>\n\n\n\n<div class=\"wp-block-uagb-container uagb-block-d82eb069 alignfull uagb-is-root-container\"><div class=\"uagb-container-inner-blocks-wrap\">\n<div class=\"wp-block-uagb-container uagb-block-a995095c\">\n<div class=\"wp-block-uagb-advanced-heading uagb-block-e8c90461\"><h2 class=\"uagb-heading-text\">Estamos para ayudarte!\u200b<\/h2><p class=\"uagb-desc-text\">Contanos qu\u00e9 fechas ten\u00e9s en mente y qu\u00e9 tipo de estad\u00eda busc\u00e1s. Con gusto te asesoramos sobre disponibilidad, tarifas, servicios incluidos y detalles de tu suite para que tu experiencia en La Aguada sea impecable desde el primer contacto.<br><\/p><\/div>\n\n\n\n<div class=\"wp-block-uagb-advanced-heading uagb-block-65fe4092\"><p class=\"uagb-heading-text\">Te respondemos a la brevedad, con atenci\u00f3n personalizada.<\/p><\/div>\n<\/div>\n\n\n\n<div class=\"wp-block-uagb-container uagb-block-68a2fd60\">\n<div class=\"wp-block-uagb-image alignright uagb-block-bd487752 wp-block-uagb-image--layout-default wp-block-uagb-image--effect-static wp-block-uagb-image--align-right\"><figure class=\"wp-block-uagb-image__figure\"><img decoding=\"async\" srcset=\"https:\/\/laaguadaelbolson.com\/wp-content\/uploads\/2025\/12\/Pagina-5-2-698x1024.jpg ,https:\/\/laaguadaelbolson.com\/wp-content\/uploads\/2025\/12\/Pagina-5-2.jpg 780w, https:\/\/laaguadaelbolson.com\/wp-content\/uploads\/2025\/12\/Pagina-5-2.jpg 360w\" sizes=\"auto, (max-width: 480px) 150px\" src=\"https:\/\/laaguadaelbolson.com\/wp-content\/uploads\/2025\/12\/Pagina-5-2-698x1024.jpg\" alt=\"\" class=\"uag-image-1191\" width=\"434\" height=\"650\" title=\"P\u00e1gina-5-2\" loading=\"lazy\" role=\"img\"\/><\/figure><\/div>\n<\/div>\n<\/div><\/div>\n\n\n\n<div class=\"wp-block-uagb-container uagb-block-2c4c8456 alignfull uagb-is-root-container\"><div class=\"uagb-container-inner-blocks-wrap\">\n<div class=\"wp-block-uagb-container uagb-block-c49c96f7\">\n<div class=\"wp-block-uagb-container uagb-block-e175ef96\">\n<div class=\"wp-block-uagb-info-box uagb-block-4533dfea uagb-infobox__content-wrap  uagb-infobox-icon-above-title uagb-infobox-image-valign-top\"><div class=\"uagb-ifb-content\"><div class=\"uagb-ifb-icon-wrap\"><div class=\"uagb-iconbox-icon-wrap uagb-infobox-shape-circle\"><svg xmlns=\"https:\/\/www.w3.org\/2000\/svg\" viewBox=\"0 0 384 512\"><path d=\"M168.3 499.2C116.1 435 0 279.4 0 192C0 85.96 85.96 0 192 0C298 0 384 85.96 384 192C384 279.4 267 435 215.7 499.2C203.4 514.5 180.6 514.5 168.3 499.2H168.3zM192 256C227.3 256 256 227.3 256 192C256 156.7 227.3 128 192 128C156.7 128 128 156.7 128 192C128 227.3 156.7 256 192 256z\"><\/path><\/svg><\/div><\/div><div class=\"uagb-ifb-title-wrap\"><h3 class=\"uagb-ifb-title\">Direccion\u200b<\/h3><\/div><p class=\"uagb-ifb-desc\">Los Pioneros 2101, R8430 El Bols\u00f3n, RN.<\/p><\/div><\/div>\n<\/div>\n\n\n\n<div class=\"wp-block-uagb-container uagb-block-5f7adc53\">\n<div class=\"wp-block-uagb-info-box uagb-block-d5c943e8 uagb-infobox__content-wrap  uagb-infobox-icon-above-title uagb-infobox-image-valign-top\"><div class=\"uagb-ifb-content\"><div class=\"uagb-ifb-icon-wrap\"><div class=\"uagb-iconbox-icon-wrap uagb-infobox-shape-circle\"><svg xmlns=\"https:\/\/www.w3.org\/2000\/svg\" viewBox=\"0 0 512 512\"><path d=\"M464 64C490.5 64 512 85.49 512 112C512 127.1 504.9 141.3 492.8 150.4L275.2 313.6C263.8 322.1 248.2 322.1 236.8 313.6L19.2 150.4C7.113 141.3 0 127.1 0 112C0 85.49 21.49 64 48 64H464zM217.6 339.2C240.4 356.3 271.6 356.3 294.4 339.2L512 176V384C512 419.3 483.3 448 448 448H64C28.65 448 0 419.3 0 384V176L217.6 339.2z\"><\/path><\/svg><\/div><\/div><div class=\"uagb-ifb-title-wrap\"><h3 class=\"uagb-ifb-title\">Email\u200b<\/h3><\/div><p class=\"uagb-ifb-desc\">contacto@laaguadaelbolson.com<\/p><\/div><\/div>\n<\/div>\n\n\n\n<div class=\"wp-block-uagb-container uagb-block-72701849\">\n<div class=\"wp-block-uagb-info-box uagb-block-f05574ca uagb-infobox__content-wrap  uagb-infobox-icon-above-title uagb-infobox-image-valign-top\"><div class=\"uagb-ifb-content\"><div class=\"uagb-ifb-icon-wrap\"><div class=\"uagb-iconbox-icon-wrap uagb-infobox-shape-circle\"><svg xmlns=\"https:\/\/www.w3.org\/2000\/svg\" viewBox=\"0 0 512 512\"><path d=\"M511.2 387l-23.25 100.8c-3.266 14.25-15.79 24.22-30.46 24.22C205.2 512 0 306.8 0 54.5c0-14.66 9.969-27.2 24.22-30.45l100.8-23.25C139.7-2.602 154.7 5.018 160.8 18.92l46.52 108.5c5.438 12.78 1.77 27.67-8.98 36.45L144.5 207.1c33.98 69.22 90.26 125.5 159.5 159.5l44.08-53.8c8.688-10.78 23.69-14.51 36.47-8.975l108.5 46.51C506.1 357.2 514.6 372.4 511.2 387z\"><\/path><\/svg><\/div><\/div><div class=\"uagb-ifb-title-wrap\"><h3 class=\"uagb-ifb-title\">Telefonos<\/h3><\/div><p class=\"uagb-ifb-desc\">+54 9 294 4652812<\/p><\/div><\/div>\n<\/div>\n<\/div>\n<\/div><\/div>\n\n\n\n<div class=\"wp-block-uagb-container uagb-block-5cb42846 alignwide uagb-is-root-container\">\n<div class=\"wp-block-uagb-advanced-heading uagb-block-80381056\"><h2 class=\"uagb-heading-text\">Escribinos\u200b<\/h2><\/div>\n\n\n\n<form id=\"contactForm\" onsubmit=\"sendWhatsApp(event)\">\n  <div class=\"row\">\n    <input type=\"text\" id=\"nombre\" placeholder=\"Nombre\" required oninput=\"updateMessage()\">\n    <input type=\"text\" id=\"apellido\" placeholder=\"Apellido\" oninput=\"updateMessage()\">\n  <\/div>\n\n  <input type=\"email\" id=\"email\" placeholder=\"Email *\" required>\n\n  <div class=\"row\">\n    <select id=\"personas\" required onchange=\"updateMessage()\">\n      <option value=\"\">Personas<\/option>\n      <option value=\"1\">1 persona<\/option>\n      <option value=\"2\">2 personas<\/option>\n      <option value=\"3\">3 personas<\/option>\n      <option value=\"4\">4 personas<\/option>\n      <option value=\"5\">5 personas<\/option>\n      <option value=\"6\">6 personas<\/option>\n    <\/select>\n\n    <input type=\"date\" id=\"fechaDesde\" required onchange=\"handleFechaDesde()\">\n    <input type=\"date\" id=\"fechaHasta\" required onchange=\"updateMessage()\">\n  <\/div>\n\n  <textarea id=\"mensaje\" required><\/textarea>\n\n  <button type=\"submit\">Enviar por WhatsApp<\/button>\n<\/form>\n\n<script>\nfunction setMinDates() {\n  const hoy = new Date().toISOString().split(\"T\")[0];\n  document.getElementById(\"fechaDesde\").min = hoy;\n  document.getElementById(\"fechaHasta\").min = hoy;\n}\n\nfunction handleFechaDesde() {\n  const desde = document.getElementById(\"fechaDesde\").value;\n  const fechaHasta = document.getElementById(\"fechaHasta\");\n\n  if (desde) {\n    fechaHasta.min = desde;\n    if (fechaHasta.value && fechaHasta.value < desde) {\n      fechaHasta.value = \"\";\n    }\n  }\n\n  updateMessage();\n}\n\nfunction updateMessage() {\n  const nombre = document.getElementById(\"nombre\").value || \"___\";\n  const apellido = document.getElementById(\"apellido\").value || \"\";\n  const personas = document.getElementById(\"personas\").value || \"___\";\n  const desde = document.getElementById(\"fechaDesde\").value || \"___\";\n  const hasta = document.getElementById(\"fechaHasta\").value || \"___\";\n  const mensaje = document.getElementById(\"mensaje\");\n\n  mensaje.value =\n`Hola, mi nombre es ${nombre} ${apellido}.\nEstoy buscando una habitaci\u00f3n para ${personas} personas\ndesde el ${desde} hasta el ${hasta}.\n\nGracias.`;\n}\n\nfunction sendWhatsApp(e) {\n  e.preventDefault();\n\n  const desde = document.getElementById(\"fechaDesde\").value;\n  const hasta = document.getElementById(\"fechaHasta\").value;\n\n  if (new Date(hasta) <= new Date(desde)) {\n    alert(\"La fecha de salida debe ser posterior a la fecha de ingreso.\");\n    return;\n  }\n\n  const email = document.getElementById(\"email\").value;\n  const mensaje = document.getElementById(\"mensaje\").value;\n\n  const texto = `${mensaje}\n\nEmail de contacto: ${email}`;\n\n  const telefono = \"5492944652812\"; \/\/ REEMPLAZAR\n  const url = `https:\/\/wa.me\/${telefono}?text=${encodeURIComponent(texto)}`;\n\n  window.open(url, \"_blank\");\n}\n\ndocument.addEventListener(\"DOMContentLoaded\", () => {\n  setMinDates();\n  updateMessage();\n});\n<\/script>\n\n\n\n<div style=\"height:100px\" aria-hidden=\"true\" class=\"wp-block-spacer\"><\/div>\n\n\n\n<div class=\"wp-block-uagb-call-to-action uagb-block-f43f7f2b wp-block-button\"><div class=\"uagb-cta__wrap\"><h3 class=\"uagb-cta__title\">Whatsapp<\/h3><p class=\"uagb-cta__desc\">Tenes otra consulta? Escribinos y la atendemos a la brevedad.<\/p><\/div><div class=\"uagb-cta__buttons\"><a href=\"https:\/\/wa.me\/+5492944652812\" class=\"uagb-cta__button-link-wrapper wp-block-button__link\" target=\"_blank\" rel=\"noopener noreferrer\">Escribinos<svg xmlns=\"https:\/\/www.w3.org\/2000\/svg\" viewBox=\"0 0 448 512\"><path d=\"M380.9 97.1C339 55.1 283.2 32 223.9 32c-122.4 0-222 99.6-222 222 0 39.1 10.2 77.3 29.6 111L0 480l117.7-30.9c32.4 17.7 68.9 27 106.1 27h.1c122.3 0 224.1-99.6 224.1-222 0-59.3-25.2-115-67.1-157zm-157 341.6c-33.2 0-65.7-8.9-94-25.7l-6.7-4-69.8 18.3L72 359.2l-4.4-7c-18.5-29.4-28.2-63.3-28.2-98.2 0-101.7 82.8-184.5 184.6-184.5 49.3 0 95.6 19.2 130.4 54.1 34.8 34.9 56.2 81.2 56.1 130.5 0 101.8-84.9 184.6-186.6 184.6zm101.2-138.2c-5.5-2.8-32.8-16.2-37.9-18-5.1-1.9-8.8-2.8-12.5 2.8-3.7 5.6-14.3 18-17.6 21.8-3.2 3.7-6.5 4.2-12 1.4-32.6-16.3-54-29.1-75.5-66-5.7-9.8 5.7-9.1 16.3-30.3 1.8-3.7 .9-6.9-.5-9.7-1.4-2.8-12.5-30.1-17.1-41.2-4.5-10.8-9.1-9.3-12.5-9.5-3.2-.2-6.9-.2-10.6-.2-3.7 0-9.7 1.4-14.8 6.9-5.1 5.6-19.4 19-19.4 46.3 0 27.3 19.9 53.7 22.6 57.4 2.8 3.7 39.1 59.7 94.8 83.8 35.2 15.2 49 16.5 66.6 13.9 10.7-1.6 32.8-13.4 37.4-26.4 4.6-13 4.6-24.1 3.2-26.4-1.3-2.5-5-3.9-10.5-6.6z\"><\/path><\/svg><\/a><\/div><\/div>\n\n\n\n<div style=\"height:100px\" aria-hidden=\"true\" class=\"wp-block-spacer\"><\/div>\n\n\n\t\t\t<div \n\t\t\tclass=\"wp-block-uagb-google-map uagb-google-map__wrap uagb-block-483103ef     \"\n\t\t\tstyle=\"\" >\n\t\t\t\t<embed\n\t\t\t\t\tclass=\"uagb-google-map__iframe\"\n\t\t\t\t\ttitle=\"Google Map for \"\n\t\t\t\t\tsrc=\"https:\/\/maps.google.com\/maps?q=La%20Aguada%20Suite%2C%20Los%20Pioneros%202101%2C%20R8430%20El%20Bols%C3%B3n%2C%20R%C3%ADo%20Negro&#038;z=15&#038;hl=es&#038;t=m&#038;output=embed&#038;iwloc=near\"\n\t\t\t\t\twidth=\"640\"\n\t\t\t\t\theight=\"450\"\n\t\t\t\t\tloading=\"lazy\"\n\t\t\t\t><\/embed>\n\t\t\t<\/div>\n\t\t\t<\/div>\n","protected":false},"excerpt":{"rendered":"<p>Contacto Brindamos una atenci\u00f3n profesional, personalizada y cercana, cuidando cada detalle de la experiencia. Estamos para ayudarte!\u200b Contanos qu\u00e9 fechas ten\u00e9s en mente y qu\u00e9 tipo de estad\u00eda busc\u00e1s. Con gusto te asesoramos sobre disponibilidad, tarifas, servicios incluidos y detalles de tu suite para que tu experiencia en La Aguada sea impecable desde el primer [&hellip;]<\/p>\n","protected":false},"author":1,"featured_media":0,"parent":0,"menu_order":0,"comment_status":"closed","ping_status":"closed","template":"","meta":{"_uag_custom_page_level_css":"","site-sidebar-layout":"no-sidebar","site-content-layout":"page-builder","ast-site-content-layout":"full-width-container","site-content-style":"unboxed","site-sidebar-style":"unboxed","ast-global-header-display":"","ast-banner-title-visibility":"","ast-main-header-display":"","ast-hfb-above-header-display":"","ast-hfb-below-header-display":"","ast-hfb-mobile-header-display":"","site-post-title":"disabled","ast-breadcrumbs-content":"","ast-featured-img":"disabled","footer-sml-layout":"","ast-disable-related-posts":"","theme-transparent-header-meta":"","adv-header-id-meta":"","stick-header-meta":"","header-above-stick-meta":"","header-main-stick-meta":"","header-below-stick-meta":"","astra-migrate-meta-layouts":"set","ast-page-background-enabled":"default","ast-page-background-meta":{"desktop":{"background-color":"var(--ast-global-color-4)","background-image":"","background-repeat":"repeat","background-position":"center center","background-size":"auto","background-attachment":"scroll","background-type":"","background-media":"","overlay-type":"","overlay-color":"","overlay-opacity":"","overlay-gradient":""},"tablet":{"background-color":"","background-image":"","background-repeat":"repeat","background-position":"center center","background-size":"auto","background-attachment":"scroll","background-type":"","background-media":"","overlay-type":"","overlay-color":"","overlay-opacity":"","overlay-gradient":""},"mobile":{"background-color":"","background-image":"","background-repeat":"repeat","background-position":"center center","background-size":"auto","background-attachment":"scroll","background-type":"","background-media":"","overlay-type":"","overlay-color":"","overlay-opacity":"","overlay-gradient":""}},"ast-content-background-meta":{"desktop":{"background-color":"var(--ast-global-color-5)","background-image":"","background-repeat":"repeat","background-position":"center center","background-size":"auto","background-attachment":"scroll","background-type":"","background-media":"","overlay-type":"","overlay-color":"","overlay-opacity":"","overlay-gradient":""},"tablet":{"background-color":"var(--ast-global-color-5)","background-image":"","background-repeat":"repeat","background-position":"center center","background-size":"auto","background-attachment":"scroll","background-type":"","background-media":"","overlay-type":"","overlay-color":"","overlay-opacity":"","overlay-gradient":""},"mobile":{"background-color":"var(--ast-global-color-5)","background-image":"","background-repeat":"repeat","background-position":"center center","background-size":"auto","background-attachment":"scroll","background-type":"","background-media":"","overlay-type":"","overlay-color":"","overlay-opacity":"","overlay-gradient":""}},"_themeisle_gutenberg_block_has_review":false,"footnotes":""},"class_list":["post-76","page","type-page","status-publish","hentry"],"aioseo_notices":[],"_hostinger_reach_plugin_has_subscription_block":false,"_hostinger_reach_plugin_is_elementor":false,"uagb_featured_image_src":{"full":false,"thumbnail":false,"medium":false,"medium_large":false,"large":false,"1536x1536":false,"2048x2048":false,"trp-custom-language-flag":false},"uagb_author_info":{"display_name":"Dante Ramirez","author_link":"https:\/\/laaguadaelbolson.com\/en\/author\/danteramirezdsgmail-com\/"},"uagb_comment_info":0,"uagb_excerpt":"Contacto Brindamos una atenci\u00f3n profesional, personalizada y cercana, cuidando cada detalle de la experiencia. Estamos para ayudarte!\u200b Contanos qu\u00e9 fechas ten\u00e9s en mente y qu\u00e9 tipo de estad\u00eda busc\u00e1s. Con gusto te asesoramos sobre disponibilidad, tarifas, servicios incluidos y detalles de tu suite para que tu experiencia en La Aguada sea impecable desde el primer&hellip;","_links":{"self":[{"href":"https:\/\/laaguadaelbolson.com\/en\/wp-json\/wp\/v2\/pages\/76","targetHints":{"allow":["GET"]}}],"collection":[{"href":"https:\/\/laaguadaelbolson.com\/en\/wp-json\/wp\/v2\/pages"}],"about":[{"href":"https:\/\/laaguadaelbolson.com\/en\/wp-json\/wp\/v2\/types\/page"}],"author":[{"embeddable":true,"href":"https:\/\/laaguadaelbolson.com\/en\/wp-json\/wp\/v2\/users\/1"}],"replies":[{"embeddable":true,"href":"https:\/\/laaguadaelbolson.com\/en\/wp-json\/wp\/v2\/comments?post=76"}],"version-history":[{"count":36,"href":"https:\/\/laaguadaelbolson.com\/en\/wp-json\/wp\/v2\/pages\/76\/revisions"}],"predecessor-version":[{"id":1549,"href":"https:\/\/laaguadaelbolson.com\/en\/wp-json\/wp\/v2\/pages\/76\/revisions\/1549"}],"wp:attachment":[{"href":"https:\/\/laaguadaelbolson.com\/en\/wp-json\/wp\/v2\/media?parent=76"}],"curies":[{"name":"wp","href":"https:\/\/api.w.org\/{rel}","templated":true}]}}