{"id":72,"date":"2025-12-01T22:06:03","date_gmt":"2025-12-01T22:06:03","guid":{"rendered":"https:\/\/laaguadaelbolson.com\/about-us\/"},"modified":"2026-02-21T01:42:47","modified_gmt":"2026-02-21T01:42:47","slug":"sobre-nosotros","status":"publish","type":"page","link":"https:\/\/laaguadaelbolson.com\/en\/sobre-nosotros\/","title":{"rendered":"About Us"},"content":{"rendered":"<div class=\"wp-block-uagb-container uagb-block-44b414af alignfull uagb-is-root-container\"><div class=\"uagb-container-inner-blocks-wrap\">\n<div class=\"wp-block-uagb-advanced-heading uagb-block-c34334b7\"><h1 class=\"uagb-heading-text\">About Us<\/h1><div class=\"uagb-separator\"><\/div><\/div>\n\n\n\n<div class=\"wp-block-uagb-advanced-heading uagb-block-c270b484\"><h3 class=\"uagb-heading-text\">The Team<\/h3><p class=\"uagb-desc-text\">La Aguada Suite was created by Ana Paula, the owner of the estate and a<br>passionate host. Her love for interior design is reflected in every detail, bringing<br>warm and harmonious spaces to life. Her kindness and dedication to service have left<br>a lasting impression on every guest\u2019s experience.<\/p><\/div>\n\n\n\n<div class=\"wp-block-uagb-image aligncenter uagb-block-db917b2e wp-block-uagb-image--layout-default wp-block-uagb-image--effect-static wp-block-uagb-image--align-center\"><figure class=\"wp-block-uagb-image__figure\"><img decoding=\"async\" srcset=\"\" sizes=\"auto, (max-width: 480px) 150px\" src=\"The Aguada Suite Exterior Hostel\" alt=\"Hostel en la patagonia\" class=\"uag-image-1170\" width=\"1024\" height=\"836\" title=\"La aguada suite exterior hostel\" loading=\"lazy\" role=\"img\" data-srcset=\"\"\/><\/figure><\/div>\n<\/div><\/div>\n\n\n\n<div class=\"wp-block-uagb-container uagb-layout-grid uagb-block-87cc6d26 alignfull uagb-is-root-container\"><div class=\"uagb-container-inner-blocks-wrap\">\n<div class=\"wp-block-uagb-advanced-heading uagb-block-a2a5f870\"><h2 class=\"uagb-heading-text\">Comfort, Design &amp; Absolute Calm<\/h2><\/div>\n\n\n\n<div class=\"wp-block-uagb-info-box uagb-block-cfc7c084 uagb-infobox__content-wrap  uagb-infobox-icon-above-title uagb-infobox-image-valign-top\"><div class=\"uagb-ifb-content\"><div class=\"uagb-ifb-title-wrap\"><div class=\"uagb-ifb-separator\"><\/div><h3 class=\"uagb-ifb-title\">La Aguada Suite<\/h3><\/div><p class=\"uagb-ifb-desc\">Today, La Aguada Suite is managed by Paula, a graduate in Tourism and Hospitality with extensive experience in hotels across Mexico, Chile, and Argentina, and by Danilo, a professional fly-fishing guide with a long-standing career in Patagonia\u2019s tourism sector. Both are known for providing personalized, professional, and warm service, focused on delivering a high-quality experience so that every guest feels comfortable and welcome.<\/p><\/div><\/div>\n<\/div><\/div>\n\n\n\n<div class=\"wp-block-uagb-container uagb-block-9cb62e5d alignfull uagb-is-root-container\"><div class=\"uagb-container-inner-blocks-wrap\">\n<div class=\"wp-block-uagb-advanced-heading uagb-block-2bd72371\"><h2 class=\"uagb-heading-text\">Gallery<\/h2><div class=\"uagb-separator\"><\/div><\/div>\n\n\n\t\t\t\t\t<div\n\t\t\t\t\t\tclass=\"wp-block-uagb-image-gallery uagb-block-ba2043d9\"\n\t\t\t\t\t\tstyle=\"\"\n\t\t\t\t\t>\n\t\t\t\t\t\t\t\t\t\t\t<div class=\"spectra-image-gallery spectra-image-gallery__layout--carousel\">\n\t\t\t\t\t\t\t\t<div class=\"uagb-slick-carousel uagb-block-ba2043d9\">\n\t\t\t\t\t\t\t\t\t\t\t\t<div class='spectra-image-gallery__media-wrapper' data-spectra-gallery-image-id='1346'>\n\t\t\t\t\t\t\t<div class=\"spectra-image-gallery__media spectra-image-gallery__media--carousel\">\n\t\t\t\t<picture>\n\t\t\t\t\t<source media=\"(min-width: 1024px)\" srcset=\"https:\/\/laaguadaelbolson.com\/wp-content\/uploads\/2026\/01\/habitacion-deluxe-cama-king-tv-ventanal-vista-montana-la-aguada-suite-el-bolson-scaled.jpg\">\n\t\t\t\t\t<source media=\"(min-width: 768px)\" srcset=\"https:\/\/laaguadaelbolson.com\/wp-content\/uploads\/2026\/01\/habitacion-deluxe-cama-king-tv-ventanal-vista-montana-la-aguada-suite-el-bolson-1024x683.jpg\">\n\t\t\t\t\t<img decoding=\"async\" class=\"spectra-image-gallery__media-thumbnail spectra-image-gallery__media-thumbnail--carousel\" src=\"https:\/\/laaguadaelbolson.com\/wp-content\/uploads\/2026\/01\/habitacion-deluxe-cama-king-tv-ventanal-vista-montana-la-aguada-suite-el-bolson-300x200.jpg\" alt=\"habitaci\u00f3n con cama doble plaza, televisi\u00f3n y ventanal\" loading=\"lazy\" \/>\n\t\t\t\t<\/picture>\n\t\t\t\t<div class=\"spectra-image-gallery__media-thumbnail-blurrer\"><\/div>\n\t\t\t\t\t\t\t\t\t\t\t<div class=\"spectra-image-gallery__media-thumbnail-caption-wrapper spectra-image-gallery__media-thumbnail-caption-wrapper--overlay\"><\/div>\n\t\t\t\t\t\t\t\t<\/div>\n\t\t\t\t\t\t<\/div>\n\t\t\t\t\t\t<div class='spectra-image-gallery__media-wrapper' data-spectra-gallery-image-id='1356'>\n\t\t\t\t\t\t\t<div class=\"spectra-image-gallery__media spectra-image-gallery__media--carousel\">\n\t\t\t\t<picture>\n\t\t\t\t\t<source media=\"(min-width: 1024px)\" srcset=\"https:\/\/laaguadaelbolson.com\/wp-content\/uploads\/2026\/01\/habitacion-deluxe-cama-principal-tv-ventanal-vista-jardin-el-bolson-scaled.jpeg\">\n\t\t\t\t\t<source media=\"(min-width: 768px)\" srcset=\"https:\/\/laaguadaelbolson.com\/wp-content\/uploads\/2026\/01\/habitacion-deluxe-cama-principal-tv-ventanal-vista-jardin-el-bolson-1024x677.jpeg\">\n\t\t\t\t\t<img decoding=\"async\" class=\"spectra-image-gallery__media-thumbnail spectra-image-gallery__media-thumbnail--carousel\" src=\"https:\/\/laaguadaelbolson.com\/wp-content\/uploads\/2026\/01\/habitacion-deluxe-cama-principal-tv-ventanal-vista-jardin-el-bolson-300x198.jpeg\" alt=\"\" loading=\"lazy\" \/>\n\t\t\t\t<\/picture>\n\t\t\t\t<div class=\"spectra-image-gallery__media-thumbnail-blurrer\"><\/div>\n\t\t\t\t\t\t\t\t\t\t\t<div class=\"spectra-image-gallery__media-thumbnail-caption-wrapper spectra-image-gallery__media-thumbnail-caption-wrapper--overlay\"><\/div>\n\t\t\t\t\t\t\t\t<\/div>\n\t\t\t\t\t\t<\/div>\n\t\t\t\t\t\t<div class='spectra-image-gallery__media-wrapper' data-spectra-gallery-image-id='1334'>\n\t\t\t\t\t\t\t<div class=\"spectra-image-gallery__media spectra-image-gallery__media--carousel\">\n\t\t\t\t<picture>\n\t\t\t\t\t<source media=\"(min-width: 1024px)\" srcset=\"https:\/\/laaguadaelbolson.com\/wp-content\/uploads\/2026\/01\/la-aguada-suite-mesa-ventanal-vista-montana-jardin-el-bolson-patagonia-scaled.jpeg\">\n\t\t\t\t\t<source media=\"(min-width: 768px)\" srcset=\"https:\/\/laaguadaelbolson.com\/wp-content\/uploads\/2026\/01\/la-aguada-suite-mesa-ventanal-vista-montana-jardin-el-bolson-patagonia-1024x683.jpeg\">\n\t\t\t\t\t<img decoding=\"async\" class=\"spectra-image-gallery__media-thumbnail spectra-image-gallery__media-thumbnail--carousel\" src=\"https:\/\/laaguadaelbolson.com\/wp-content\/uploads\/2026\/01\/la-aguada-suite-mesa-ventanal-vista-montana-jardin-el-bolson-patagonia-300x200.jpeg\" alt=\"Mesa redonda de madera con dos sillas ubicada frente a un ventanal con vista a un jard\u00edn verde y monta\u00f1as.\" loading=\"lazy\" \/>\n\t\t\t\t<\/picture>\n\t\t\t\t<div class=\"spectra-image-gallery__media-thumbnail-blurrer\"><\/div>\n\t\t\t\t\t\t\t\t\t\t\t<div class=\"spectra-image-gallery__media-thumbnail-caption-wrapper spectra-image-gallery__media-thumbnail-caption-wrapper--overlay\"><\/div>\n\t\t\t\t\t\t\t\t<\/div>\n\t\t\t\t\t\t<\/div>\n\t\t\t\t\t\t\t\t\t\t\t<\/div>\n\t\t\t\t\t\t\t<\/div>\n\t\t\t\t\t\t\t\t\t\t\t<\/div>\n\t\t\t\t\t\t\t\t\t<\/div><\/div>\n\n\n\n<div class=\"wp-block-uagb-container uagb-block-22aae675 alignfull uagb-is-root-container\"><div class=\"uagb-container-inner-blocks-wrap\">\n<div class=\"wp-block-uagb-info-box uagb-block-690eb9de uagb-infobox__content-wrap  uagb-infobox-icon-above-title uagb-infobox-image-valign-top\"><div class=\"uagb-ifb-content\"><div class=\"uagb-ifb-title-wrap\"><h2 class=\"uagb-ifb-title\">Nature, Comfort &amp; Design in Balance<\/h2><\/div><p class=\"uagb-ifb-desc\">La Aguada Suite was born from a clear idea: to offer a space where rest, design, and tranquility coexist in harmony.<br>Every detail was designed to make your stay comfortable, functional, and free from unnecessary distractions.<br><\/p><div class=\"uagb-ifb-button-wrapper wp-block-button\"><a href=\"https:\/\/wa.me\/+5492944652812\" class=\"uagb-infobox-cta-link wp-block-button__link\" target=\"_blank\" rel=\"noopener noreferrer\" onclick=\"return true;\"><span class=\"uagb-inline-editing\">WhatsApp<\/span><svg xmlns=\"https:\/\/www.w3.org\/2000\/svg\" viewbox=\"0 0 448 512\"><path d=\"M380.9 97.1C339 55.1 283.2 32 223.9 32c-122.4 0-222 99.6-222 222 0 39.1 10.2 77.3 29.6 111L0 480l117.7-30.9c32.4 17.7 68.9 27 106.1 27h.1c122.3 0 224.1-99.6 224.1-222 0-59.3-25.2-115-67.1-157zm-157 341.6c-33.2 0-65.7-8.9-94-25.7l-6.7-4-69.8 18.3L72 359.2l-4.4-7c-18.5-29.4-28.2-63.3-28.2-98.2 0-101.7 82.8-184.5 184.6-184.5 49.3 0 95.6 19.2 130.4 54.1 34.8 34.9 56.2 81.2 56.1 130.5 0 101.8-84.9 184.6-186.6 184.6zm101.2-138.2c-5.5-2.8-32.8-16.2-37.9-18-5.1-1.9-8.8-2.8-12.5 2.8-3.7 5.6-14.3 18-17.6 21.8-3.2 3.7-6.5 4.2-12 1.4-32.6-16.3-54-29.1-75.5-66-5.7-9.8 5.7-9.1 16.3-30.3 1.8-3.7 .9-6.9-.5-9.7-1.4-2.8-12.5-30.1-17.1-41.2-4.5-10.8-9.1-9.3-12.5-9.5-3.2-.2-6.9-.2-10.6-.2-3.7 0-9.7 1.4-14.8 6.9-5.1 5.6-19.4 19-19.4 46.3 0 27.3 19.9 53.7 22.6 57.4 2.8 3.7 39.1 59.7 94.8 83.8 35.2 15.2 49 16.5 66.6 13.9 10.7-1.6 32.8-13.4 37.4-26.4 4.6-13 4.6-24.1 3.2-26.4-1.3-2.5-5-3.9-10.5-6.6z\"><\/path><\/svg><\/a><\/div><\/div><\/div>\n<\/div><\/div>","protected":false},"excerpt":{"rendered":"<p>Sobre Nosotros El Equipo La Aguada Suite fue creada por Ana Paula propietaria de la chacra y anfitrionaapasionada. Su amor por la decoraci\u00f3n de interiores se refleja en cada detalle, dandovida a espacios c\u00e1lidos y arm\u00f3nicos. Su amabilidad y vocaci\u00f3n de servicio han dejadouna huella en la experiencia de cada hu\u00e9sped. Confort, dise\u00f1o y calma [&hellip;]<\/p>\n","protected":false},"author":1,"featured_media":0,"parent":0,"menu_order":0,"comment_status":"closed","ping_status":"closed","template":"","meta":{"_uag_custom_page_level_css":"","site-sidebar-layout":"no-sidebar","site-content-layout":"page-builder","ast-site-content-layout":"full-width-container","site-content-style":"unboxed","site-sidebar-style":"unboxed","ast-global-header-display":"","ast-banner-title-visibility":"","ast-main-header-display":"","ast-hfb-above-header-display":"","ast-hfb-below-header-display":"","ast-hfb-mobile-header-display":"","site-post-title":"disabled","ast-breadcrumbs-content":"","ast-featured-img":"disabled","footer-sml-layout":"","ast-disable-related-posts":"","theme-transparent-header-meta":"","adv-header-id-meta":"","stick-header-meta":"","header-above-stick-meta":"","header-main-stick-meta":"","header-below-stick-meta":"","astra-migrate-meta-layouts":"set","ast-page-background-enabled":"default","ast-page-background-meta":{"desktop":{"background-color":"var(--ast-global-color-4)","background-image":"","background-repeat":"repeat","background-position":"center center","background-size":"auto","background-attachment":"scroll","background-type":"","background-media":"","overlay-type":"","overlay-color":"","overlay-opacity":"","overlay-gradient":""},"tablet":{"background-color":"","background-image":"","background-repeat":"repeat","background-position":"center center","background-size":"auto","background-attachment":"scroll","background-type":"","background-media":"","overlay-type":"","overlay-color":"","overlay-opacity":"","overlay-gradient":""},"mobile":{"background-color":"","background-image":"","background-repeat":"repeat","background-position":"center center","background-size":"auto","background-attachment":"scroll","background-type":"","background-media":"","overlay-type":"","overlay-color":"","overlay-opacity":"","overlay-gradient":""}},"ast-content-background-meta":{"desktop":{"background-color":"var(--ast-global-color-5)","background-image":"","background-repeat":"repeat","background-position":"center center","background-size":"auto","background-attachment":"scroll","background-type":"","background-media":"","overlay-type":"","overlay-color":"","overlay-opacity":"","overlay-gradient":""},"tablet":{"background-color":"var(--ast-global-color-5)","background-image":"","background-repeat":"repeat","background-position":"center center","background-size":"auto","background-attachment":"scroll","background-type":"","background-media":"","overlay-type":"","overlay-color":"","overlay-opacity":"","overlay-gradient":""},"mobile":{"background-color":"var(--ast-global-color-5)","background-image":"","background-repeat":"repeat","background-position":"center center","background-size":"auto","background-attachment":"scroll","background-type":"","background-media":"","overlay-type":"","overlay-color":"","overlay-opacity":"","overlay-gradient":""}},"_themeisle_gutenberg_block_has_review":false,"footnotes":""},"class_list":["post-72","page","type-page","status-publish","hentry"],"aioseo_notices":[],"_hostinger_reach_plugin_has_subscription_block":false,"_hostinger_reach_plugin_is_elementor":false,"uagb_featured_image_src":{"full":false,"thumbnail":false,"medium":false,"medium_large":false,"large":false,"1536x1536":false,"2048x2048":false,"trp-custom-language-flag":false},"uagb_author_info":{"display_name":"Dante Ramirez","author_link":"https:\/\/laaguadaelbolson.com\/en\/author\/danteramirezdsgmail-com\/"},"uagb_comment_info":0,"uagb_excerpt":"Sobre Nosotros El Equipo La Aguada Suite fue creada por Ana Paula propietaria de la chacra y anfitrionaapasionada. Su amor por la decoraci\u00f3n de interiores se refleja en cada detalle, dandovida a espacios c\u00e1lidos y arm\u00f3nicos. Su amabilidad y vocaci\u00f3n de servicio han dejadouna huella en la experiencia de cada hu\u00e9sped. Confort, dise\u00f1o y calma&hellip;","_links":{"self":[{"href":"https:\/\/laaguadaelbolson.com\/en\/wp-json\/wp\/v2\/pages\/72","targetHints":{"allow":["GET"]}}],"collection":[{"href":"https:\/\/laaguadaelbolson.com\/en\/wp-json\/wp\/v2\/pages"}],"about":[{"href":"https:\/\/laaguadaelbolson.com\/en\/wp-json\/wp\/v2\/types\/page"}],"author":[{"embeddable":true,"href":"https:\/\/laaguadaelbolson.com\/en\/wp-json\/wp\/v2\/users\/1"}],"replies":[{"embeddable":true,"href":"https:\/\/laaguadaelbolson.com\/en\/wp-json\/wp\/v2\/comments?post=72"}],"version-history":[{"count":13,"href":"https:\/\/laaguadaelbolson.com\/en\/wp-json\/wp\/v2\/pages\/72\/revisions"}],"predecessor-version":[{"id":1550,"href":"https:\/\/laaguadaelbolson.com\/en\/wp-json\/wp\/v2\/pages\/72\/revisions\/1550"}],"wp:attachment":[{"href":"https:\/\/laaguadaelbolson.com\/en\/wp-json\/wp\/v2\/media?parent=72"}],"curies":[{"name":"wp","href":"https:\/\/api.w.org\/{rel}","templated":true}]}}