{"id":1249,"date":"2026-01-12T14:30:46","date_gmt":"2026-01-12T14:30:46","guid":{"rendered":"https:\/\/laaguadaelbolson.com\/?page_id=1249"},"modified":"2026-02-18T01:35:26","modified_gmt":"2026-02-18T01:35:26","slug":"habitaciones","status":"publish","type":"page","link":"https:\/\/laaguadaelbolson.com\/en\/habitaciones\/","title":{"rendered":"Rooms"},"content":{"rendered":"\n<div class=\"wp-block-uagb-container uagb-block-36389615 alignfull uagb-is-root-container\"><div class=\"uagb-container-inner-blocks-wrap\">\n<div class=\"wp-block-uagb-advanced-heading uagb-block-48108f65\"><h1 class=\"uagb-heading-text\">Habitaciones<\/h1><div class=\"uagb-separator\"><\/div><p class=\"uagb-desc-text\">Dise\u00f1adas para quienes valoran el confort y los detalles, las habitaciones combinan est\u00e9tica, funcionalidad y tranquilidad en perfecta armon\u00eda. Cada espacio es luminoso, silencioso y cuidadosamente ambientado con materiales c\u00e1lidos, textiles nobles y piezas seleccionadas. Las vistas al jard\u00edn y a las monta\u00f1as acompa\u00f1an la experiencia, creando un entorno que invita a bajar el ritmo, descansar profundamente y disfrutar del tiempo sin apuro.<\/p><\/div>\n<\/div><\/div>\n\n\n\n<div class=\"wp-block-uagb-container uag-hide-tab uag-hide-mob uagb-block-b8d7d4dd alignfull uagb-is-root-container\">\n<div class=\"wp-block-uagb-container uagb-block-2ef8107c\">\n<div id=\"wp-block-themeisle-blocks-slider-78035517\" class=\"wp-block-themeisle-blocks-slider glide\" data-per-view=\"1\" data-gap=\"0\" data-peek=\"0\" data-autoplay=\"true\" data-height=\"800px\" data-hide-arrows=\"true\"><div class=\"glide__track\" data-glide-el=\"track\"><div class=\"glide__slides\"><div class=\"wp-block-themeisle-blocks-slider-item-wrapper glide__slide\" tabindex=\"0\"><figure><img decoding=\"async\" class=\"wp-block-themeisle-blocks-slider-item\" src=\"https:\/\/laaguadaelbolson.com\/wp-content\/uploads\/2026\/01\/habitacion-clasica-1-dormitorio-cabeceros-violetas-la-aguada-suite-el-bolson-scaled.jpeg\" alt=\"Dormitorio de la Habitaci\u00f3n Cl\u00e1sica 1 en La Aguada Suite, El Bols\u00f3n, con cama amplia y cabeceros capiton\u00e9 violetas\" title=\"Dormitorio de la Habitaci\u00f3n Cl\u00e1sica 1 en La Aguada Suite, El Bols\u00f3n, con cama amplia y cabeceros capiton\u00e9 violetas\" data-id=\"1339\"\/><\/figure><\/div><div class=\"wp-block-themeisle-blocks-slider-item-wrapper glide__slide\" tabindex=\"0\"><figure><img decoding=\"async\" class=\"wp-block-themeisle-blocks-slider-item\" src=\"https:\/\/laaguadaelbolson.com\/wp-content\/uploads\/2026\/01\/habitacion-clasica-1-placard-escritorio-la-aguada-suite-el-bolson-scaled.jpeg\" alt=\"Habitaci\u00f3n Cl\u00e1sica 1 en La Aguada Suite con placard, escritorio y cama amplia en El Bols\u00f3n, Patagonia\" title=\"Habitaci\u00f3n Cl\u00e1sica 1 en La Aguada Suite con placard, escritorio y cama amplia en El Bols\u00f3n, Patagonia\" data-id=\"1340\"\/><\/figure><\/div><\/div><div class=\"glide__bullets\" data-glide-el=\"controls[nav]\"><button class=\"glide__bullet\" data-glide-dir=\"=0\"><\/button><button class=\"glide__bullet\" data-glide-dir=\"=1\"><\/button><\/div><\/div><\/div>\n<\/div>\n\n\n\n<div class=\"wp-block-uagb-container uagb-block-ef3575bc\">\n<div class=\"wp-block-uagb-advanced-heading uagb-block-4a3bc15d\"><h2 class=\"uagb-heading-text\">C\u00e1lidas y confortables<\/h2><\/div>\n\n\n\n<p>La habitaci\u00f3n est\u00e1 ambientada con piezas seleccionadas que cuentan su<br>propia historia: cabeceras capiton\u00e9, l\u00e1mparas de dise\u00f1o artesanal y colores que invitan a la calma.<\/p>\n<\/div>\n<\/div>\n\n\n\n<div style=\"height:61px\" aria-hidden=\"true\" class=\"wp-block-spacer\"><\/div>\n\n\n\n<div class=\"wp-block-uagb-container uag-hide-desktop uagb-block-5ee12c62 alignfull uagb-is-root-container\">\n<div class=\"wp-block-uagb-container uagb-block-0a97f058\">\n<div id=\"wp-block-themeisle-blocks-slider-a9fab3c5\" class=\"wp-block-themeisle-blocks-slider glide\" data-per-view=\"1\" data-gap=\"0\" data-peek=\"0\" data-autoplay=\"true\" data-height=\"707px\" data-hide-arrows=\"true\"><div class=\"glide__track\" data-glide-el=\"track\"><div class=\"glide__slides\"><div class=\"wp-block-themeisle-blocks-slider-item-wrapper glide__slide\" tabindex=\"0\"><figure><img decoding=\"async\" class=\"wp-block-themeisle-blocks-slider-item\" src=\"https:\/\/laaguadaelbolson.com\/wp-content\/uploads\/2026\/01\/habitacion-clasica-1-detalle-macrame-decoracion-la-aguada-suite-el-bolson-scaled.jpeg\" alt=\"Detalle de cabeceros violetas y decoraci\u00f3n artesanal en la Habitaci\u00f3n Cl\u00e1sica 1 de La Aguada Suite, El Bols\u00f3n\" title=\"Detalle de cabeceros violetas y decoraci\u00f3n artesanal en la Habitaci\u00f3n Cl\u00e1sica 1 de La Aguada Suite, El Bols\u00f3n\" data-id=\"1338\"\/><\/figure><\/div><\/div><\/div><\/div>\n<\/div>\n\n\n\n<div class=\"wp-block-uagb-container uagb-block-135d07b3\">\n<div class=\"wp-block-uagb-advanced-heading uagb-block-c0ae3b08\"><h2 class=\"uagb-heading-text\">C\u00e1lidas y confortables<\/h2><\/div>\n\n\n\n<p>La habitaci\u00f3n est\u00e1 ambientada con piezas seleccionadas que cuentan su<br>propia historia: cabeceras capiton\u00e9, l\u00e1mparas de dise\u00f1o artesanal y colores que invitan a la calma.<\/p>\n<\/div>\n<\/div>\n\n\n\n<div class=\"wp-block-uagb-container uagb-block-4777955d alignfull uagb-is-root-container\">\n<div class=\"wp-block-uagb-container uagb-block-b007ac77\">\n<div class=\"wp-block-uagb-advanced-heading uagb-block-06d9ce77\"><h2 class=\"uagb-heading-text\">Atmosfera \u00danica<\/h2><\/div>\n\n\n\n<p>Desde la cama, se puede contemplar el jardin y las monta\u00f1as.<br>Cada r\u00edncon fue oensado para que el descanso se sienta tan especial como el paisaje que lo rodea.<\/p>\n<\/div>\n\n\n\n<div id=\"wp-block-themeisle-blocks-slider-33de998a\" class=\"wp-block-themeisle-blocks-slider glide\" data-per-view=\"1\" data-gap=\"0\" data-peek=\"0\" data-autoplay=\"true\" data-height=\"800px\" data-hide-arrows=\"true\"><div class=\"glide__track\" data-glide-el=\"track\"><div class=\"glide__slides\"><div class=\"wp-block-themeisle-blocks-slider-item-wrapper glide__slide\" tabindex=\"0\"><figure><img decoding=\"async\" class=\"wp-block-themeisle-blocks-slider-item\" src=\"https:\/\/laaguadaelbolson.com\/wp-content\/uploads\/2026\/01\/habitacion-placard-escritorio-cama-la-aguada-suite-el-bolson-scaled.jpg\" alt=\"Dormitorio de La Aguada Suite con placard, escritorio y cama amplia, ambiente tranquilo en El Bols\u00f3n\" title=\"Dormitorio de La Aguada Suite con placard, escritorio y cama amplia, ambiente tranquilo en El Bols\u00f3n\" data-id=\"1344\"\/><figcaption>Habitaci\u00f3n con placard amplio y escritorio de apoyo.<\/figcaption><\/figure><\/div><div class=\"wp-block-themeisle-blocks-slider-item-wrapper glide__slide\" tabindex=\"0\"><figure><img decoding=\"async\" class=\"wp-block-themeisle-blocks-slider-item\" src=\"https:\/\/laaguadaelbolson.com\/wp-content\/uploads\/2026\/01\/dormitorio-luminoso-vista-jardin-la-aguada-suite-el-bolson-scaled.jpg\" alt=\"Dormitorio luminoso en La Aguada Suite, El Bols\u00f3n, con cama amplia, almohadones, TV y vista al jard\u00edn\" title=\"Dormitorio luminoso en La Aguada Suite, El Bols\u00f3n, con cama amplia, almohadones, TV y vista al jard\u00edn\" data-id=\"1343\"\/><figcaption>Luminoso con vista al jard\u00edn.<\/figcaption><\/figure><\/div><div class=\"wp-block-themeisle-blocks-slider-item-wrapper glide__slide\" tabindex=\"0\"><figure><img decoding=\"async\" class=\"wp-block-themeisle-blocks-slider-item\" src=\"https:\/\/laaguadaelbolson.com\/wp-content\/uploads\/2026\/01\/bano-luminoso-espejo-vanitory-ventanal-la-aguada-suite-el-bolson-scaled.jpg\" alt=\"Ba\u00f1o en La Aguada Suite con espejo grande, vanitory y ventanal con vista al jard\u00edn en El Bols\u00f3n\" title=\"Ba\u00f1o en La Aguada Suite con espejo grande, vanitory y ventanal con vista al jard\u00edn en El Bols\u00f3n\" data-id=\"1341\"\/><figcaption>Ba\u00f1o luminoso con vanitory amplio y ventanal al jard\u00edn.<\/figcaption><\/figure><\/div><div class=\"wp-block-themeisle-blocks-slider-item-wrapper glide__slide\" tabindex=\"0\"><figure><img decoding=\"async\" class=\"wp-block-themeisle-blocks-slider-item\" src=\"https:\/\/laaguadaelbolson.com\/wp-content\/uploads\/2026\/01\/bano-ducha-ventanal-vista-montanas-la-aguada-suite-el-bolson-scaled.jpg\" alt=\"Ba\u00f1o moderno en La Aguada Suite con ducha, revestimiento claro y ventana con vista a monta\u00f1as en El Bols\u00f3n\" title=\"Ba\u00f1o moderno en La Aguada Suite con ducha, revestimiento claro y ventana con vista a monta\u00f1as en El Bols\u00f3n\" data-id=\"1345\"\/><figcaption>Vista abierta al paisaje de El Bols\u00f3n.<\/figcaption><\/figure><\/div><\/div><\/div><\/div>\n<\/div>\n\n\n\n<div style=\"height:61px\" aria-hidden=\"true\" class=\"wp-block-spacer\"><\/div>\n\n\n\n<div class=\"wp-block-uagb-container uag-hide-tab uag-hide-mob uagb-block-6311fcab alignfull uagb-is-root-container\">\n<div class=\"wp-block-uagb-container uagb-block-0fc5b455\">\n<div id=\"wp-block-themeisle-blocks-slider-27455b77\" class=\"wp-block-themeisle-blocks-slider glide\" data-per-view=\"1\" data-gap=\"0\" data-peek=\"0\" data-autoplay=\"true\" data-height=\"800px\" data-hide-arrows=\"true\"><div class=\"glide__track\" data-glide-el=\"track\"><div class=\"glide__slides\"><div class=\"wp-block-themeisle-blocks-slider-item-wrapper glide__slide\" tabindex=\"0\"><figure><img decoding=\"async\" class=\"wp-block-themeisle-blocks-slider-item\" src=\"https:\/\/laaguadaelbolson.com\/wp-content\/uploads\/2026\/01\/habitacion-deluxe-cama-principal-tv-ventanal-vista-jardin-el-bolson-scaled.jpeg\" alt=\"Habitaci\u00f3n Deluxe con cama principal, TV y ventanal con vista al jard\u00edn en La Aguada Suite, El Bols\u00f3n\" title=\"Habitaci\u00f3n Deluxe con cama principal, TV y ventanal con vista al jard\u00edn en La Aguada Suite, El Bols\u00f3n\" data-id=\"1356\"\/><figcaption>Cama principal con TV y grandes ventanales con vista al entorno.<\/figcaption><\/figure><\/div><div class=\"wp-block-themeisle-blocks-slider-item-wrapper glide__slide\" tabindex=\"0\"><figure><img decoding=\"async\" class=\"wp-block-themeisle-blocks-slider-item\" src=\"https:\/\/laaguadaelbolson.com\/wp-content\/uploads\/2026\/01\/deluxe-dormitorio-secundario-dos-camas-vista-montana-el-bolson-scaled.jpg\" alt=\"Dormitorio con dos camas individuales y vista a la cordillera en La Aguada Suite, El Bols\u00f3n\" title=\"Dormitorio con dos camas individuales y vista a la cordillera en La Aguada Suite, El Bols\u00f3n\" data-id=\"1362\"\/><figcaption>Dormitorio secundario con dos camas y vista a la monta\u00f1a.<\/figcaption><\/figure><\/div><div class=\"wp-block-themeisle-blocks-slider-item-wrapper glide__slide\" tabindex=\"0\"><figure><img decoding=\"async\" class=\"wp-block-themeisle-blocks-slider-item\" src=\"https:\/\/laaguadaelbolson.com\/wp-content\/uploads\/2026\/01\/habitacion-deluxe-dormitorio-secundario-dos-camas-ambiente-amplio-el-bolson-scaled.jpeg\" alt=\"Dormitorio secundario de la Habitaci\u00f3n Deluxe con dos camas individuales, La Aguada Suite, El Bols\u00f3n\" title=\"Dormitorio secundario de la Habitaci\u00f3n Deluxe con dos camas individuales, La Aguada Suite, El Bols\u00f3n\" data-id=\"1363\"\/><figcaption>Ambiente amplio con dos camas individuales. Habitaci\u00f3n Deluxe.<\/figcaption><\/figure><\/div><div class=\"wp-block-themeisle-blocks-slider-item-wrapper glide__slide\" tabindex=\"0\"><figure><img decoding=\"async\" class=\"wp-block-themeisle-blocks-slider-item\" src=\"https:\/\/laaguadaelbolson.com\/wp-content\/uploads\/2026\/01\/balcon-privado-deluxe-sillas-mesa-vista-montana-el-bolson-scaled.jpeg\" alt=\"Balc\u00f3n privado de la Habitaci\u00f3n Deluxe con vista a la monta\u00f1a en La Aguada Suite, El Bols\u00f3n\" title=\"Balc\u00f3n privado de la Habitaci\u00f3n Deluxe con vista a la monta\u00f1a en La Aguada Suite, El Bols\u00f3n\" data-id=\"1358\"\/><figcaption>Balc\u00f3n privado con vista abierta al paisaje.<\/figcaption><\/figure><\/div><div class=\"wp-block-themeisle-blocks-slider-item-wrapper glide__slide\" tabindex=\"0\"><figure><img decoding=\"async\" class=\"wp-block-themeisle-blocks-slider-item\" src=\"https:\/\/laaguadaelbolson.com\/wp-content\/uploads\/2026\/01\/terraza-privada-deluxe-acceso-habitacion-vista-montana-la-aguada-suite-el-bolson-scaled.jpeg\" alt=\"Terraza privada de La Aguada Suite con acceso a la Habitaci\u00f3n Deluxe y vista a la monta\u00f1a, El Bols\u00f3n\" title=\"Terraza privada de La Aguada Suite con acceso a la Habitaci\u00f3n Deluxe y vista a la monta\u00f1a, El Bols\u00f3n\" data-id=\"1360\"\/><figcaption>Terraza privada con vista y acceso directo a la habitaci\u00f3n.<\/figcaption><\/figure><\/div><\/div><\/div><\/div>\n<\/div>\n\n\n\n<div class=\"wp-block-uagb-container uagb-block-22273eba\">\n<div class=\"wp-block-uagb-advanced-heading uagb-block-98628a72\"><h2 class=\"uagb-heading-text\">Habitaci\u00f3n Superior<\/h2><\/div>\n\n\n\n<p>Semipiso en planta alta con dormitorio principal y posibilidad de agregar hasta dos camas individuales.<br>Ba\u00f1o completo, sala de estar y soble balcon con vistas privilegiadas.<\/p>\n<\/div>\n<\/div>\n\n\n\n<div class=\"wp-block-uagb-container uag-hide-desktop uagb-block-d680a285 alignfull uagb-is-root-container\">\n<div class=\"wp-block-uagb-container uagb-block-5f9eecaf\">\n<div id=\"wp-block-themeisle-blocks-slider-c74e1294\" class=\"wp-block-themeisle-blocks-slider glide\" data-per-view=\"1\" data-gap=\"0\" data-peek=\"0\" data-autoplay=\"true\" data-height=\"707px\" data-hide-arrows=\"true\"><div class=\"glide__track\" data-glide-el=\"track\"><div class=\"glide__slides\"><div class=\"wp-block-themeisle-blocks-slider-item-wrapper glide__slide\" tabindex=\"0\"><figure><img decoding=\"async\" class=\"wp-block-themeisle-blocks-slider-item\" src=\"https:\/\/laaguadaelbolson.com\/wp-content\/uploads\/2026\/01\/habitacion-deluxe-balcon-vista-cordillera-la-aguada-suite-el-bolson-scaled.jpeg\" alt=\"Habitaci\u00f3n Deluxe con salida a balc\u00f3n y vista a la cordillera en La Aguada Suite, El Bols\u00f3n\" title=\"Habitaci\u00f3n Deluxe con salida a balc\u00f3n y vista a la cordillera en La Aguada Suite, El Bols\u00f3n\" data-id=\"1359\"\/><figcaption>Habitaci\u00f3n Deluxe con balc\u00f3n y vista a la monta\u00f1a.<\/figcaption><\/figure><\/div><\/div><\/div><\/div>\n<\/div>\n\n\n\n<div class=\"wp-block-uagb-container uagb-block-4f468a91\">\n<div class=\"wp-block-uagb-advanced-heading uagb-block-83009566\"><h2 class=\"uagb-heading-text\">Habitaci\u00f3n Superior<\/h2><\/div>\n\n\n\n<p>Semipiso en planta alta con dormitorio principal y posibilidad de agregar hasta dos camas individuales.<br>Ba\u00f1o completo, sala de estar y soble balcon con vistas privilegiadas.<\/p>\n<\/div>\n<\/div>\n\n\n\n<div style=\"height:61px\" aria-hidden=\"true\" class=\"wp-block-spacer\"><\/div>\n\n\n\n<div class=\"wp-block-uagb-container uagb-block-1536ba3a alignfull uagb-is-root-container\">\n<div class=\"wp-block-uagb-container uagb-block-344f25d4\">\n<div class=\"wp-block-uagb-advanced-heading uagb-block-72591435\"><h2 class=\"uagb-heading-text\">Habitaci\u00f3n Deluxe<\/h2><\/div>\n\n\n\n<p>Amplio ambiente de 5 5 m2 con cama matrimoni al y espacio independiente con dos camas individuales.<br>Ba\u00f1o completo con jacuzzi. Vistas al jard\u00edn y al Cerro Piltriquitr\u00f3n.<\/p>\n<\/div>\n\n\n\n<div class=\"wp-block-uagb-container uagb-block-9c57c974\">\n<div id=\"wp-block-themeisle-blocks-slider-93e83841\" class=\"wp-block-themeisle-blocks-slider glide\" data-per-view=\"1\" data-gap=\"0\" data-peek=\"0\" data-autoplay=\"true\" data-height=\"800px\" data-hide-arrows=\"true\"><div class=\"glide__track\" data-glide-el=\"track\"><div class=\"glide__slides\"><div class=\"wp-block-themeisle-blocks-slider-item-wrapper glide__slide\" tabindex=\"0\"><figure><img decoding=\"async\" class=\"wp-block-themeisle-blocks-slider-item\" src=\"https:\/\/laaguadaelbolson.com\/wp-content\/uploads\/2026\/01\/habitacion-deluxe-cama-king-tv-ventanal-vista-montana-la-aguada-suite-el-bolson-scaled.jpg\" alt=\"Habitaci\u00f3n Deluxe de La Aguada Suite con cama king, TV y ventanal con vista a la monta\u00f1a, El Bols\u00f3n\" title=\"Habitaci\u00f3n Deluxe de La Aguada Suite con cama king, TV y ventanal con vista a la monta\u00f1a, El Bols\u00f3n\" data-id=\"1346\"\/><figcaption>Habitaci\u00f3n Deluxe amplia con ventanal y vista al paisaje de El Piltri.<\/figcaption><\/figure><\/div><div class=\"wp-block-themeisle-blocks-slider-item-wrapper glide__slide\" tabindex=\"0\"><figure><img decoding=\"async\" class=\"wp-block-themeisle-blocks-slider-item\" src=\"https:\/\/laaguadaelbolson.com\/wp-content\/uploads\/2026\/01\/habitacion-deluxe-tv-ventanal-vista-jardin-la-aguada-suite-el-bolson-scaled.jpg\" alt=\"Habitaci\u00f3n Deluxe con cama king, TV y ventanal al jard\u00edn en La Aguada Suite, El Bols\u00f3n\" title=\"Habitaci\u00f3n Deluxe con cama king, TV y ventanal al jard\u00edn en La Aguada Suite, El Bols\u00f3n\" data-id=\"1347\"\/><figcaption>Con TV y ventanal con vista al jard\u00edn.<\/figcaption><\/figure><\/div><div class=\"wp-block-themeisle-blocks-slider-item-wrapper glide__slide\" tabindex=\"0\"><figure><img decoding=\"async\" class=\"wp-block-themeisle-blocks-slider-item\" src=\"https:\/\/laaguadaelbolson.com\/wp-content\/uploads\/2026\/01\/habitacion-deluxe-cama-king-ventanal-vista-cordillera-la-aguada-suite-el-bolson-scaled.jpg\" alt=\"Cama king en Habitaci\u00f3n Deluxe con ventanal panor\u00e1mico y vista a la cordillera, La Aguada Suite El Bols\u00f3n\" title=\"Cama king en Habitaci\u00f3n Deluxe con ventanal panor\u00e1mico y vista a la cordillera, La Aguada Suite El Bols\u00f3n\" data-id=\"1348\"\/><figcaption>Ventanal panor\u00e1mico y vista a la cordillera desde la habitaci\u00f3n.<\/figcaption><\/figure><\/div><div class=\"wp-block-themeisle-blocks-slider-item-wrapper glide__slide\" tabindex=\"0\"><figure><img decoding=\"async\" class=\"wp-block-themeisle-blocks-slider-item\" src=\"https:\/\/laaguadaelbolson.com\/wp-content\/uploads\/2026\/01\/habitacion-deluxe-dormitorio-secundario-dos-camas-la-aguada-suite-el-bolson-scaled.jpg\" alt=\"Dormitorio secundario de la Habitaci\u00f3n Deluxe con dos camas individuales y vista al jard\u00edn, La Aguada Suite El Bols\u00f3n\" title=\"Dormitorio secundario de la Habitaci\u00f3n Deluxe con dos camas individuales y vista al jard\u00edn, La Aguada Suite El Bols\u00f3n\" data-id=\"1350\"\/><figcaption>Segundo dormitorio con dos camas individuales en la habitaci\u00f3n.<\/figcaption><\/figure><\/div><div class=\"wp-block-themeisle-blocks-slider-item-wrapper glide__slide\" tabindex=\"0\"><figure><img decoding=\"async\" class=\"wp-block-themeisle-blocks-slider-item\" src=\"https:\/\/laaguadaelbolson.com\/wp-content\/uploads\/2026\/01\/hidromasaje-habitacion-deluxe-vista-jardin-la-aguada-suite-el-bolson-scaled.jpg\" alt=\"Hidromasaje en La Aguada Suite con ventana al jard\u00edn, relax en El Bols\u00f3n, Patagonia\" title=\"Hidromasaje en La Aguada Suite con ventana al jard\u00edn, relax en El Bols\u00f3n, Patagonia\" data-id=\"1349\"\/><figcaption>Hidromasaje con vista al jard\u00edn en la Habitaci\u00f3n Deluxe.<\/figcaption><\/figure><\/div><\/div><\/div><\/div>\n<\/div>\n<\/div>\n\n\n\n<div style=\"height:84px\" aria-hidden=\"true\" class=\"wp-block-spacer\"><\/div>\n\n\n\n<div class=\"wp-block-uagb-container uagb-block-fa25b779 alignfull uagb-is-root-container\">\n<div class=\"wp-block-uagb-info-box uagb-block-32862511 uagb-infobox__content-wrap  uagb-infobox-icon-above-title uagb-infobox-image-valign-top\"><div class=\"uagb-ifb-content\"><div class=\"uagb-ifb-title-wrap\"><h3 class=\"uagb-ifb-title\">Consultar disponibilidad<\/h3><\/div><p class=\"uagb-ifb-desc\">Contanos cu\u00e1ndo quer\u00e9s venir.<br>Nosotros nos encargamos del resto.<\/p><div class=\"uagb-ifb-button-wrapper wp-block-button\"><a href=\"#\" class=\"uagb-infobox-cta-link wp-block-button__link\" target=\"_self\" rel=\"noopener noreferrer\" onclick=\"return false;\"><span class=\"uagb-inline-editing\">Contactanos<\/span><\/a><\/div><\/div><\/div>\n<\/div>\n\n\n\n<p><\/p>\n","protected":false},"excerpt":{"rendered":"<p>Habitaciones Dise\u00f1adas para quienes valoran el confort y los detalles, las habitaciones combinan est\u00e9tica, funcionalidad y tranquilidad en perfecta armon\u00eda. Cada espacio es luminoso, silencioso y cuidadosamente ambientado con materiales c\u00e1lidos, textiles nobles y piezas seleccionadas. Las vistas al jard\u00edn y a las monta\u00f1as acompa\u00f1an la experiencia, creando un entorno que invita a bajar el [&hellip;]<\/p>\n","protected":false},"author":1,"featured_media":0,"parent":0,"menu_order":0,"comment_status":"closed","ping_status":"closed","template":"","meta":{"_uag_custom_page_level_css":"","site-sidebar-layout":"default","site-content-layout":"","ast-site-content-layout":"full-width-container","site-content-style":"unboxed","site-sidebar-style":"default","ast-global-header-display":"","ast-banner-title-visibility":"","ast-main-header-display":"","ast-hfb-above-header-display":"","ast-hfb-below-header-display":"","ast-hfb-mobile-header-display":"","site-post-title":"disabled","ast-breadcrumbs-content":"","ast-featured-img":"","footer-sml-layout":"","ast-disable-related-posts":"","theme-transparent-header-meta":"","adv-header-id-meta":"","stick-header-meta":"","header-above-stick-meta":"","header-main-stick-meta":"","header-below-stick-meta":"","astra-migrate-meta-layouts":"set","ast-page-background-enabled":"default","ast-page-background-meta":{"desktop":{"background-color":"var(--ast-global-color-4)","background-image":"","background-repeat":"repeat","background-position":"center center","background-size":"auto","background-attachment":"scroll","background-type":"","background-media":"","overlay-type":"","overlay-color":"","overlay-opacity":"","overlay-gradient":""},"tablet":{"background-color":"","background-image":"","background-repeat":"repeat","background-position":"center center","background-size":"auto","background-attachment":"scroll","background-type":"","background-media":"","overlay-type":"","overlay-color":"","overlay-opacity":"","overlay-gradient":""},"mobile":{"background-color":"","background-image":"","background-repeat":"repeat","background-position":"center center","background-size":"auto","background-attachment":"scroll","background-type":"","background-media":"","overlay-type":"","overlay-color":"","overlay-opacity":"","overlay-gradient":""}},"ast-content-background-meta":{"desktop":{"background-color":"var(--ast-global-color-5)","background-image":"","background-repeat":"repeat","background-position":"center center","background-size":"auto","background-attachment":"scroll","background-type":"","background-media":"","overlay-type":"","overlay-color":"","overlay-opacity":"","overlay-gradient":""},"tablet":{"background-color":"var(--ast-global-color-5)","background-image":"","background-repeat":"repeat","background-position":"center center","background-size":"auto","background-attachment":"scroll","background-type":"","background-media":"","overlay-type":"","overlay-color":"","overlay-opacity":"","overlay-gradient":""},"mobile":{"background-color":"var(--ast-global-color-5)","background-image":"","background-repeat":"repeat","background-position":"center center","background-size":"auto","background-attachment":"scroll","background-type":"","background-media":"","overlay-type":"","overlay-color":"","overlay-opacity":"","overlay-gradient":""}},"_themeisle_gutenberg_block_has_review":false,"footnotes":""},"class_list":["post-1249","page","type-page","status-publish","hentry"],"aioseo_notices":[],"_hostinger_reach_plugin_has_subscription_block":false,"_hostinger_reach_plugin_is_elementor":false,"uagb_featured_image_src":{"full":false,"thumbnail":false,"medium":false,"medium_large":false,"large":false,"1536x1536":false,"2048x2048":false,"trp-custom-language-flag":false},"uagb_author_info":{"display_name":"Dante Ramirez","author_link":"https:\/\/laaguadaelbolson.com\/en\/author\/danteramirezdsgmail-com\/"},"uagb_comment_info":0,"uagb_excerpt":"Habitaciones Dise\u00f1adas para quienes valoran el confort y los detalles, las habitaciones combinan est\u00e9tica, funcionalidad y tranquilidad en perfecta armon\u00eda. Cada espacio es luminoso, silencioso y cuidadosamente ambientado con materiales c\u00e1lidos, textiles nobles y piezas seleccionadas. Las vistas al jard\u00edn y a las monta\u00f1as acompa\u00f1an la experiencia, creando un entorno que invita a bajar el&hellip;","_links":{"self":[{"href":"https:\/\/laaguadaelbolson.com\/en\/wp-json\/wp\/v2\/pages\/1249","targetHints":{"allow":["GET"]}}],"collection":[{"href":"https:\/\/laaguadaelbolson.com\/en\/wp-json\/wp\/v2\/pages"}],"about":[{"href":"https:\/\/laaguadaelbolson.com\/en\/wp-json\/wp\/v2\/types\/page"}],"author":[{"embeddable":true,"href":"https:\/\/laaguadaelbolson.com\/en\/wp-json\/wp\/v2\/users\/1"}],"replies":[{"embeddable":true,"href":"https:\/\/laaguadaelbolson.com\/en\/wp-json\/wp\/v2\/comments?post=1249"}],"version-history":[{"count":69,"href":"https:\/\/laaguadaelbolson.com\/en\/wp-json\/wp\/v2\/pages\/1249\/revisions"}],"predecessor-version":[{"id":1521,"href":"https:\/\/laaguadaelbolson.com\/en\/wp-json\/wp\/v2\/pages\/1249\/revisions\/1521"}],"wp:attachment":[{"href":"https:\/\/laaguadaelbolson.com\/en\/wp-json\/wp\/v2\/media?parent=1249"}],"curies":[{"name":"wp","href":"https:\/\/api.w.org\/{rel}","templated":true}]}}